{"id":2177,"date":"2024-01-23T17:33:56","date_gmt":"2024-01-23T17:33:56","guid":{"rendered":"https:\/\/tranquilitymare.com\/support\/"},"modified":"2024-04-04T08:59:15","modified_gmt":"2024-04-04T07:59:15","slug":"support","status":"publish","type":"page","link":"https:\/\/tranquilitymare.com\/pl\/support\/","title":{"rendered":"Wsparcie"},"content":{"rendered":"<div data-colibri-id=\"2177-c1\" class=\"style-758 style-local-2177-c1 position-relative\">\n  <!---->\n  <div data-colibri-component=\"section\" data-colibri-id=\"2177-c2\" id=\"content\" class=\"h-section h-section-global-spacing d-flex align-items-lg-center align-items-md-center align-items-center style-918 style-local-2177-c2 position-relative\">\n    <!---->\n    <!---->\n    <div class=\"h-section-grid-container h-section-boxed-container\">\n      <!---->\n      <div data-colibri-id=\"2177-c3\" class=\"h-row-container gutters-row-lg-2 gutters-row-md-2 gutters-row-2 gutters-row-v-lg-2 gutters-row-v-md-2 gutters-row-v-2 style-919 style-local-2177-c3 position-relative\">\n        <!---->\n        <div class=\"h-row justify-content-lg-center justify-content-md-center justify-content-center align-items-lg-center align-items-md-center align-items-center gutters-col-lg-2 gutters-col-md-2 gutters-col-2 gutters-col-v-lg-2 gutters-col-v-md-2 gutters-col-v-2\">\n          <!---->\n          <div class=\"h-column h-column-container d-flex h-col-lg-auto h-col-md-auto h-col-auto align-self-lg-center align-self-md-center align-self-center style-920-outer style-local-2177-c4-outer\">\n            <div data-colibri-id=\"2177-c4\" class=\"d-flex h-flex-basis h-column__inner h-px-lg-2 h-px-md-2 h-px-0 v-inner-lg-0 v-inner-md-2 v-inner-0 style-920 style-local-2177-c4 position-relative\">\n              <!---->\n              <!---->\n              <div class=\"w-100 h-y-container h-column__content h-column__v-align flex-basis-100 align-self-lg-center align-self-md-center align-self-center\">\n                <!---->\n                <div data-colibri-id=\"2177-c5\" class=\"h-global-transition-all h-heading style-921 style-local-2177-c5 position-relative h-element\">\n                  <!---->\n                  <div class=\"h-heading__outer style-921 style-local-2177-c5\">\n                    <!---->\n                    <!---->\n                    <h3 class=\"\">Witamy na stronie WSPARCIE!<\/h3>\n                  <\/div>\n                <\/div>\n                <div data-colibri-id=\"2177-c6\" class=\"h-lead h-text h-text-component style-922 style-local-2177-c6 position-relative h-element\">\n                  <!---->\n                  <!---->\n                  <div class=\"\">\n                    <p>Je\u015bli uwa\u017casz, \u017ce ten blog jest dla Ciebie pomocny i ciekawy, mo\u017ce<strong>&nbsp;postawisz nam kaw\u0119?<\/strong>.\n                      <br>\n                      <br>Pomo\u017ce nam to utrzyma\u0107 i rozwija\u0107 t\u0119 stron\u0119.<\/p>\n                  <\/div>\n                <\/div>\n              <\/div>\n            <\/div>\n          <\/div>\n          <div class=\"h-column h-column-container d-flex h-col-lg h-col-md h-col-auto align-self-lg-center align-self-md-center align-self-center style-923-outer style-local-2177-c7-outer\">\n            <div data-colibri-id=\"2177-c7\" class=\"d-flex h-flex-basis h-column__inner h-px-lg-0 h-px-md-0 h-px-0 v-inner-lg-0 v-inner-md-0 v-inner-0 style-923 style-local-2177-c7 position-relative\">\n              <!---->\n              <!---->\n              <div class=\"w-100 h-y-container h-column__content h-column__v-align flex-basis-100 align-self-lg-center align-self-md-center align-self-center\">\n                <!---->\n                <div data-colibri-id=\"2177-c8\" class=\"h-row-container gutters-row-lg-2 gutters-row-md-2 gutters-row-2 gutters-row-v-lg-2 gutters-row-v-md-2 gutters-row-v-2 style-929 style-local-2177-c8 position-relative\">\n                  <!---->\n                  <div class=\"h-row justify-content-lg-center justify-content-md-center justify-content-center align-items-lg-stretch align-items-md-stretch align-items-stretch gutters-col-lg-2 gutters-col-md-2 gutters-col-2 gutters-col-v-lg-2 gutters-col-v-md-2 gutters-col-v-2\">\n                    <!---->\n                    <div class=\"h-column h-column-container d-flex h-col-lg-auto h-col-md-auto h-col-auto style-930-outer style-local-2177-c9-outer\">\n                      <div data-colibri-id=\"2177-c9\" class=\"d-flex h-flex-basis h-column__inner h-px-lg-0 h-px-md-0 h-px-0 v-inner-lg-0 v-inner-md-0 v-inner-0 style-930 style-local-2177-c9 position-relative\">\n                        <!---->\n                        <!---->\n                        <div class=\"w-100 h-y-container h-column__content h-column__v-align flex-basis-100 align-self-lg-start align-self-md-start align-self-start\">\n                          <!---->\n                          <div data-colibri-id=\"2177-c10\" class=\"h-text h-text-component style-928 style-local-2177-c10 position-relative h-element\">\n                            <!---->\n                            <!---->\n                            <div class=\"\">\n                              <p><span style=\"color: rgb(37, 41, 42); font-family: &quot;Open Sans&quot;; font-size: 20px; font-weight: 300;\">Mo\u017cesz to zrobi\u0107 przez dogodn\u0105 dla Ciebie platform\u0119:<\/span><\/p>\n                            <\/div>\n                          <\/div>\n                          <div data-colibri-id=\"2177-c11\" class=\"style-960 style-local-2177-c11 position-relative h-element\">\n                            <!---->\n                          <\/div>\n                          <div data-colibri-id=\"2177-c12\" class=\"style-766 style-local-2177-c12 position-relative h-element\">\n                            <!---->\n                            <div class=\"\">\n                              <a href=\"https:\/\/buycoffee.to\/tranquilitymare\" target=\"_blank\" rel=\"noopener\">\n                                <img decoding=\"async\" src=\"https:\/\/buycoffee.to\/btn\/buycoffeeto-btn-primary.svg\" style=\"width: 196px\" alt=\"Postaw mi kaw\u0119 na buycoffee.to\">\n                              <\/a>\n                            <\/div>\n                          <\/div>\n                          <div data-colibri-id=\"2177-c13\" class=\"style-767 style-local-2177-c13 position-relative h-element\">\n                            <!---->\n                            <div class=\"\">\n                              <script type=\"text\/javascript\" src=\"https:\/\/cdnjs.buymeacoffee.com\/1.0.0\/button.prod.min.js\" data-name=\"bmc-button\" data-slug=\"tranquilitymare\" data-color=\"#FFDD00\" data-emoji=\"\" data-font=\"Cookie\" data-text=\"Buy me a coffee\"\n                                data-outline-color=\"#000000\" data-font-color=\"#000000\" data-coffee-color=\"#ffffff\"><\/script>\n                            <\/div>\n                          <\/div>\n                        <\/div>\n                      <\/div>\n                    <\/div>\n                  <\/div>\n                <\/div>\n                <div data-colibri-id=\"2177-c14\" class=\"style-962 style-local-2177-c14 position-relative h-element\">\n                  <!---->\n                <\/div>\n              <\/div>\n            <\/div>\n          <\/div>\n          <div class=\"h-column h-column-container d-flex h-col-lg-auto h-col-md-auto h-col-auto align-self-lg-center align-self-md-center align-self-center style-949-outer style-local-2177-c15-outer\">\n            <div data-colibri-id=\"2177-c15\" class=\"d-flex h-flex-basis h-column__inner h-px-lg-2 h-px-md-2 h-px-2 v-inner-lg-2 v-inner-md-2 v-inner-2 style-949 style-local-2177-c15 position-relative\">\n              <!---->\n              <!---->\n              <div class=\"w-100 h-y-container h-column__content h-column__v-align flex-basis-100 align-self-lg-start align-self-md-start align-self-start\">\n                <!---->\n                <div data-colibri-id=\"2177-c16\" class=\"d-block style-950 style-local-2177-c16 position-relative h-element\">\n                  <!---->\n                  <div class=\"h-image__frame-container-outer\">\n                    <div class=\"h-image__frame-container\">\n                      <!---->\n                      <!---->\n                      <img loading=\"lazy\" decoding=\"async\" width=\"1806\" height=\"1811\" src=\"https:\/\/tranquilitymare.com\/wp-content\/uploads\/2024\/03\/cropped-20230901_110223-01-scaled-1.jpeg\" class=\"wp-image-3627 style-950-image style-local-2177-c16-image\" alt=\"\" srcset=\"https:\/\/tranquilitymare.com\/wp-content\/uploads\/2024\/03\/cropped-20230901_110223-01-scaled-1.jpeg 1806w, https:\/\/tranquilitymare.com\/wp-content\/uploads\/2024\/03\/cropped-20230901_110223-01-scaled-1-300x300.jpeg 300w, https:\/\/tranquilitymare.com\/wp-content\/uploads\/2024\/03\/cropped-20230901_110223-01-scaled-1-1021x1024.jpeg 1021w, https:\/\/tranquilitymare.com\/wp-content\/uploads\/2024\/03\/cropped-20230901_110223-01-scaled-1-150x150.jpeg 150w, https:\/\/tranquilitymare.com\/wp-content\/uploads\/2024\/03\/cropped-20230901_110223-01-scaled-1-768x770.jpeg 768w, https:\/\/tranquilitymare.com\/wp-content\/uploads\/2024\/03\/cropped-20230901_110223-01-scaled-1-1532x1536.jpeg 1532w, https:\/\/tranquilitymare.com\/wp-content\/uploads\/2024\/03\/cropped-20230901_110223-01-scaled-1-12x12.jpeg 12w\" sizes=\"auto, (max-width: 1806px) 100vw, 1806px\" \/>\n                      <div class=\"h-image__frame h-hide-lg h-hide-md h-hide-sm style-950-frameImage style-local-2177-c16-frameImage\"><\/div>\n                    <\/div>\n                  <\/div>\n                <\/div>\n              <\/div>\n            <\/div>\n          <\/div>\n        <\/div>\n      <\/div>\n    <\/div>\n  <\/div>\n<\/div>","protected":false},"excerpt":{"rendered":"<p>Thanks for visiting SUPPORT US page! If you think, that this website is helpful or interesting to you, consider&nbsp;buying us a coffee. It will help us running and developing this page. You can do this on the most convenient platform for you:<\/p>","protected":false},"author":1,"featured_media":0,"parent":0,"menu_order":0,"comment_status":"closed","ping_status":"closed","template":"page-templates\/full-width-page.php","meta":{"_monsterinsights_skip_tracking":false,"_monsterinsights_sitenote_active":false,"_monsterinsights_sitenote_note":"","_monsterinsights_sitenote_category":0,"footnotes":""},"class_list":["post-2177","page","type-page","status-publish","hentry"],"yoast_head":"<!-- This site is optimized with the Yoast SEO plugin v27.3 - https:\/\/yoast.com\/product\/yoast-seo-wordpress\/ -->\n<title>Support Us - Tranquility Mare<\/title>\n<meta name=\"robots\" content=\"index, follow, max-snippet:-1, max-image-preview:large, max-video-preview:-1\" \/>\n<link rel=\"canonical\" href=\"https:\/\/tranquilitymare.com\/pl\/support\/\" \/>\n<meta property=\"og:locale\" content=\"pl_PL\" \/>\n<meta property=\"og:type\" content=\"article\" \/>\n<meta property=\"og:title\" content=\"Support Us - Tranquility Mare\" \/>\n<meta property=\"og:description\" content=\"Thanks for visiting SUPPORT US page! If you think, that this website is helpful or interesting to you, consider&nbsp;buying us a coffee. It will help us running and developing this page. You can do this on the most convenient platform for you:\" \/>\n<meta property=\"og:url\" content=\"https:\/\/tranquilitymare.com\/pl\/support\/\" \/>\n<meta property=\"og:site_name\" content=\"Tranquility Mare\" \/>\n<meta property=\"article:modified_time\" content=\"2024-04-04T07:59:15+00:00\" \/>\n<meta property=\"og:image\" content=\"https:\/\/buycoffee.to\/btn\/buycoffeeto-btn-primary.svg\" \/>\n<meta name=\"twitter:card\" content=\"summary_large_image\" \/>\n<meta name=\"twitter:label1\" content=\"Szacowany czas czytania\" \/>\n\t<meta name=\"twitter:data1\" content=\"1 minuta\" \/>\n<script type=\"application\/ld+json\" class=\"yoast-schema-graph\">{\"@context\":\"https:\\\/\\\/schema.org\",\"@graph\":[{\"@type\":\"WebPage\",\"@id\":\"https:\\\/\\\/tranquilitymare.com\\\/support\\\/\",\"url\":\"https:\\\/\\\/tranquilitymare.com\\\/support\\\/\",\"name\":\"Support Us - Tranquility Mare\",\"isPartOf\":{\"@id\":\"http:\\\/\\\/tranquilitymare.com\\\/en\\\/#website\"},\"primaryImageOfPage\":{\"@id\":\"https:\\\/\\\/tranquilitymare.com\\\/support\\\/#primaryimage\"},\"image\":{\"@id\":\"https:\\\/\\\/tranquilitymare.com\\\/support\\\/#primaryimage\"},\"thumbnailUrl\":\"https:\\\/\\\/buycoffee.to\\\/btn\\\/buycoffeeto-btn-primary.svg\",\"datePublished\":\"2024-01-23T17:33:56+00:00\",\"dateModified\":\"2024-04-04T07:59:15+00:00\",\"breadcrumb\":{\"@id\":\"https:\\\/\\\/tranquilitymare.com\\\/support\\\/#breadcrumb\"},\"inLanguage\":\"pl-PL\",\"potentialAction\":[{\"@type\":\"ReadAction\",\"target\":[\"https:\\\/\\\/tranquilitymare.com\\\/support\\\/\"]}]},{\"@type\":\"ImageObject\",\"inLanguage\":\"pl-PL\",\"@id\":\"https:\\\/\\\/tranquilitymare.com\\\/support\\\/#primaryimage\",\"url\":\"https:\\\/\\\/buycoffee.to\\\/btn\\\/buycoffeeto-btn-primary.svg\",\"contentUrl\":\"https:\\\/\\\/buycoffee.to\\\/btn\\\/buycoffeeto-btn-primary.svg\"},{\"@type\":\"BreadcrumbList\",\"@id\":\"https:\\\/\\\/tranquilitymare.com\\\/support\\\/#breadcrumb\",\"itemListElement\":[{\"@type\":\"ListItem\",\"position\":1,\"name\":\"Home\",\"item\":\"https:\\\/\\\/tranquilitymare.com\\\/\"},{\"@type\":\"ListItem\",\"position\":2,\"name\":\"Support Us\"}]},{\"@type\":\"WebSite\",\"@id\":\"http:\\\/\\\/tranquilitymare.com\\\/en\\\/#website\",\"url\":\"http:\\\/\\\/tranquilitymare.com\\\/en\\\/\",\"name\":\"Tranquility Mare\",\"description\":\"\",\"publisher\":{\"@id\":\"http:\\\/\\\/tranquilitymare.com\\\/en\\\/#\\\/schema\\\/person\\\/149bd3e07d45664e76be454f3ce97c37\"},\"potentialAction\":[{\"@type\":\"SearchAction\",\"target\":{\"@type\":\"EntryPoint\",\"urlTemplate\":\"http:\\\/\\\/tranquilitymare.com\\\/en\\\/?s={search_term_string}\"},\"query-input\":{\"@type\":\"PropertyValueSpecification\",\"valueRequired\":true,\"valueName\":\"search_term_string\"}}],\"inLanguage\":\"pl-PL\"},{\"@type\":[\"Person\",\"Organization\"],\"@id\":\"http:\\\/\\\/tranquilitymare.com\\\/en\\\/#\\\/schema\\\/person\\\/149bd3e07d45664e76be454f3ce97c37\",\"name\":\"tranquilitymare.com\",\"image\":{\"@type\":\"ImageObject\",\"inLanguage\":\"pl-PL\",\"@id\":\"https:\\\/\\\/tranquilitymare.com\\\/wp-content\\\/uploads\\\/2023\\\/12\\\/cropped-corfu-4433-scaled-2.jpg\",\"url\":\"https:\\\/\\\/tranquilitymare.com\\\/wp-content\\\/uploads\\\/2023\\\/12\\\/cropped-corfu-4433-scaled-2.jpg\",\"contentUrl\":\"https:\\\/\\\/tranquilitymare.com\\\/wp-content\\\/uploads\\\/2023\\\/12\\\/cropped-corfu-4433-scaled-2.jpg\",\"width\":2556,\"height\":1195,\"caption\":\"tranquilitymare.com\"},\"logo\":{\"@id\":\"https:\\\/\\\/tranquilitymare.com\\\/wp-content\\\/uploads\\\/2023\\\/12\\\/cropped-corfu-4433-scaled-2.jpg\"},\"sameAs\":[\"http:\\\/\\\/tranquilitymare.com\"]}]}<\/script>\n<!-- \/ Yoast SEO plugin. -->","yoast_head_json":{"title":"Support Us - Tranquility Mare","robots":{"index":"index","follow":"follow","max-snippet":"max-snippet:-1","max-image-preview":"max-image-preview:large","max-video-preview":"max-video-preview:-1"},"canonical":"https:\/\/tranquilitymare.com\/pl\/support\/","og_locale":"pl_PL","og_type":"article","og_title":"Support Us - Tranquility Mare","og_description":"Thanks for visiting SUPPORT US page! If you think, that this website is helpful or interesting to you, consider&nbsp;buying us a coffee. It will help us running and developing this page. You can do this on the most convenient platform for you:","og_url":"https:\/\/tranquilitymare.com\/pl\/support\/","og_site_name":"Tranquility Mare","article_modified_time":"2024-04-04T07:59:15+00:00","og_image":[{"url":"https:\/\/buycoffee.to\/btn\/buycoffeeto-btn-primary.svg","type":"","width":"","height":""}],"twitter_card":"summary_large_image","twitter_misc":{"Szacowany czas czytania":"1 minuta"},"schema":{"@context":"https:\/\/schema.org","@graph":[{"@type":"WebPage","@id":"https:\/\/tranquilitymare.com\/support\/","url":"https:\/\/tranquilitymare.com\/support\/","name":"Support Us - Tranquility Mare","isPartOf":{"@id":"http:\/\/tranquilitymare.com\/en\/#website"},"primaryImageOfPage":{"@id":"https:\/\/tranquilitymare.com\/support\/#primaryimage"},"image":{"@id":"https:\/\/tranquilitymare.com\/support\/#primaryimage"},"thumbnailUrl":"https:\/\/buycoffee.to\/btn\/buycoffeeto-btn-primary.svg","datePublished":"2024-01-23T17:33:56+00:00","dateModified":"2024-04-04T07:59:15+00:00","breadcrumb":{"@id":"https:\/\/tranquilitymare.com\/support\/#breadcrumb"},"inLanguage":"pl-PL","potentialAction":[{"@type":"ReadAction","target":["https:\/\/tranquilitymare.com\/support\/"]}]},{"@type":"ImageObject","inLanguage":"pl-PL","@id":"https:\/\/tranquilitymare.com\/support\/#primaryimage","url":"https:\/\/buycoffee.to\/btn\/buycoffeeto-btn-primary.svg","contentUrl":"https:\/\/buycoffee.to\/btn\/buycoffeeto-btn-primary.svg"},{"@type":"BreadcrumbList","@id":"https:\/\/tranquilitymare.com\/support\/#breadcrumb","itemListElement":[{"@type":"ListItem","position":1,"name":"Home","item":"https:\/\/tranquilitymare.com\/"},{"@type":"ListItem","position":2,"name":"Support Us"}]},{"@type":"WebSite","@id":"http:\/\/tranquilitymare.com\/en\/#website","url":"http:\/\/tranquilitymare.com\/en\/","name":"Tranquility Mare","description":"","publisher":{"@id":"http:\/\/tranquilitymare.com\/en\/#\/schema\/person\/149bd3e07d45664e76be454f3ce97c37"},"potentialAction":[{"@type":"SearchAction","target":{"@type":"EntryPoint","urlTemplate":"http:\/\/tranquilitymare.com\/en\/?s={search_term_string}"},"query-input":{"@type":"PropertyValueSpecification","valueRequired":true,"valueName":"search_term_string"}}],"inLanguage":"pl-PL"},{"@type":["Person","Organization"],"@id":"http:\/\/tranquilitymare.com\/en\/#\/schema\/person\/149bd3e07d45664e76be454f3ce97c37","name":"tranquilitymare.com","image":{"@type":"ImageObject","inLanguage":"pl-PL","@id":"https:\/\/tranquilitymare.com\/wp-content\/uploads\/2023\/12\/cropped-corfu-4433-scaled-2.jpg","url":"https:\/\/tranquilitymare.com\/wp-content\/uploads\/2023\/12\/cropped-corfu-4433-scaled-2.jpg","contentUrl":"https:\/\/tranquilitymare.com\/wp-content\/uploads\/2023\/12\/cropped-corfu-4433-scaled-2.jpg","width":2556,"height":1195,"caption":"tranquilitymare.com"},"logo":{"@id":"https:\/\/tranquilitymare.com\/wp-content\/uploads\/2023\/12\/cropped-corfu-4433-scaled-2.jpg"},"sameAs":["http:\/\/tranquilitymare.com"]}]}},"_links":{"self":[{"href":"https:\/\/tranquilitymare.com\/pl\/wp-json\/wp\/v2\/pages\/2177","targetHints":{"allow":["GET"]}}],"collection":[{"href":"https:\/\/tranquilitymare.com\/pl\/wp-json\/wp\/v2\/pages"}],"about":[{"href":"https:\/\/tranquilitymare.com\/pl\/wp-json\/wp\/v2\/types\/page"}],"author":[{"embeddable":true,"href":"https:\/\/tranquilitymare.com\/pl\/wp-json\/wp\/v2\/users\/1"}],"replies":[{"embeddable":true,"href":"https:\/\/tranquilitymare.com\/pl\/wp-json\/wp\/v2\/comments?post=2177"}],"version-history":[{"count":20,"href":"https:\/\/tranquilitymare.com\/pl\/wp-json\/wp\/v2\/pages\/2177\/revisions"}],"predecessor-version":[{"id":3780,"href":"https:\/\/tranquilitymare.com\/pl\/wp-json\/wp\/v2\/pages\/2177\/revisions\/3780"}],"wp:attachment":[{"href":"https:\/\/tranquilitymare.com\/pl\/wp-json\/wp\/v2\/media?parent=2177"}],"curies":[{"name":"wp","href":"https:\/\/api.w.org\/{rel}","templated":true}]}}